{"id":2105,"date":"2021-03-24T07:25:45","date_gmt":"2021-03-24T07:25:45","guid":{"rendered":"http:\/\/localhost\/nuss\/?page_id=235"},"modified":"2023-07-28T15:33:25","modified_gmt":"2023-07-28T15:33:25","slug":"faqs","status":"publish","type":"page","link":"https:\/\/goldenolympus.com\/de\/faqs\/","title":{"rendered":"Faqs"},"content":{"rendered":"<div data-elementor-type=\"wp-page\" data-elementor-id=\"2105\" class=\"elementor elementor-2105\">\n\t\t\t\t\t\t<section class=\"elementor-section elementor-top-section elementor-element elementor-element-2a96a73 elementor-section-boxed elementor-section-gap-beside-yes elementor-section-height-default elementor-section-height-default elementor-section-column-vertical-align-stretch\" data-id=\"2a96a73\" data-element_type=\"section\" data-e-type=\"section\">\n\t\t\t\t\t\t<div class=\"elementor-container elementor-column-gap-extended\">\n\t\t\t\t\t<div class=\"elementor-column elementor-col-100 elementor-top-column elementor-element elementor-element-98ef20c\" data-id=\"98ef20c\" data-element_type=\"column\" data-e-type=\"column\">\n\t\t\t<div class=\"elementor-widget-wrap elementor-element-populated\">\n\t\t\t\t\t\t<div class=\"elementor-element elementor-element-97088c0 elementor-widget__width-initial elementor-invisible elementor-widget elementor-widget-text-editor\" data-id=\"97088c0\" data-element_type=\"widget\" data-e-type=\"widget\" data-settings=\"{&quot;_animation&quot;:&quot;nussFadeInUp&quot;}\" data-widget_type=\"text-editor.default\">\n\t\t\t\t<div class=\"elementor-widget-container\">\n\t\t\t\t\t\t\t\t\t<p>Nachfolgend finden Sie eine Liste der Fragen, die von unseren G\u00e4sten am h\u00e4ufigsten gestellt werden.<\/p>\t\t\t\t\t\t\t\t<\/div>\n\t\t\t\t<\/div>\n\t\t\t\t\t<\/div>\n\t\t<\/div>\n\t\t\t\t\t<\/div>\n\t\t<\/section>\n\t\t\t\t<section class=\"elementor-section elementor-top-section elementor-element elementor-element-b184647 elementor-section-boxed elementor-section-gap-beside-yes elementor-section-height-default elementor-section-height-default elementor-section-column-vertical-align-stretch\" data-id=\"b184647\" data-element_type=\"section\" data-e-type=\"section\">\n\t\t\t\t\t\t<div class=\"elementor-container elementor-column-gap-extended\">\n\t\t\t\t\t<div class=\"elementor-column elementor-col-50 elementor-top-column elementor-element elementor-element-1d49749\" data-id=\"1d49749\" data-element_type=\"column\" data-e-type=\"column\">\n\t\t\t<div class=\"elementor-widget-wrap elementor-element-populated\">\n\t\t\t\t\t\t<div class=\"elementor-element elementor-element-b986a9e elementor-invisible elementor-widget elementor-widget-nuss-heading\" data-id=\"b986a9e\" data-element_type=\"widget\" data-e-type=\"widget\" data-settings=\"{&quot;_animation&quot;:&quot;nussFadeInUp&quot;}\" data-widget_type=\"nuss-heading.default\">\n\t\t\t\t<div class=\"elementor-widget-container\">\n\t\t\t\t\t\t\t<div class=\"nuss-modern-heading\">\r\n\t\t\t\r\n\t\t\t\t\t\t<div class=\"heading-primary-wrap\">\r\n\t\t\t\t<h4 class=\"heading-primary elementor-heading-title\">FAQ'S<\/h4>\t\t\t<\/div>\r\n\t\t\r\n\t\t\t\t\t\t<div class=\"heading-divider-wrap\">\r\n\t\t\t\t<div class=\"heading-divider\" style=\"left: 0px;top: 6px\"><\/div>\r\n\t\t\t<\/div>\r\n\t\r\n\t\t\t\t\t<\/div>\r\n\t\t\t\t\t<\/div>\n\t\t\t\t<\/div>\n\t\t\t\t<div class=\"elementor-element elementor-element-50f0733 elementor-invisible elementor-widget elementor-widget-heading\" data-id=\"50f0733\" data-element_type=\"widget\" data-e-type=\"widget\" data-settings=\"{&quot;_animation&quot;:&quot;nussFadeInUp&quot;}\" data-widget_type=\"heading.default\">\n\t\t\t\t<div class=\"elementor-widget-container\">\n\t\t\t\t\t<h2 class=\"elementor-heading-title elementor-size-default\">Fragen und Antworten<\/h2>\t\t\t\t<\/div>\n\t\t\t\t<\/div>\n\t\t\t\t<div class=\"elementor-element elementor-element-a865a9f nuss-accordion-style-03 elementor-invisible elementor-widget elementor-widget-nuss-accordion\" data-id=\"a865a9f\" data-element_type=\"widget\" data-e-type=\"widget\" data-settings=\"{&quot;_animation&quot;:&quot;nussFadeInUp&quot;}\" data-widget_type=\"nuss-accordion.default\">\n\t\t\t\t<div class=\"elementor-widget-container\">\n\t\t\t\t\t\t\t<div class=\"nuss-accordion nuss-accordion-icon-right\">\r\n\t\t\t\t\t\t\t<div class=\"accordion-section\">\r\n\t\t\t\t\t<div class=\"accordion-header\">\r\n\t\t\t\t\t\t<div class=\"accordion-title-wrapper\">\r\n\t\t\t\t\t\t\t<h4 class=\"accordion-title\">Check-in Uhrzeit<\/h4>\t\t\t\t\t\t<\/div>\r\n\t\t\t\t\t\t\t\t\t\t\t\t\t<div class=\"accordion-icons\">\r\n\t\t\t\t\t\t\t\t<span\r\n\t\t\t\t\t\t\t\t\tclass=\"accordion-icon opened-icon\"><i class=\"fal fa-angle-down\"><\/i><\/span>\r\n\t\t\t\t\t\t\t\t<span\r\n\t\t\t\t\t\t\t\t\tclass=\"accordion-icon closed-icon\"><i class=\"fal fa-angle-up\"><\/i><\/span>\r\n\t\t\t\t\t\t\t<\/div>\r\n\t\t\t\t\t\t\t\t\t\t\t<\/div>\r\n\t\t\t\t\t<div class=\"accordion-content\">\r\n\t\t\t\t\t\t<p>Die Check-in-Zeit ist von 14:00 bis 16:00 Uhr. Teilen Sie uns Ihre Ankunftszeit mit, falls Sie einen fr\u00fcheren Check-in planen. Wir k\u00f6nnen unser Bestes tun, um Ihr Zimmer zur Verf\u00fcgung zu stellen. Bitte informieren Sie uns auch, wenn Sie sp\u00e4ter ankommen.<\/p>\t\t\t\t\t<\/div>\r\n\t\t\t\t<\/div>\r\n\t\t\t\t\t\t\t<div class=\"accordion-section\">\r\n\t\t\t\t\t<div class=\"accordion-header\">\r\n\t\t\t\t\t\t<div class=\"accordion-title-wrapper\">\r\n\t\t\t\t\t\t\t<h4 class=\"accordion-title\">Check-out Uhrzeit<\/h4>\t\t\t\t\t\t<\/div>\r\n\t\t\t\t\t\t\t\t\t\t\t\t\t<div class=\"accordion-icons\">\r\n\t\t\t\t\t\t\t\t<span\r\n\t\t\t\t\t\t\t\t\tclass=\"accordion-icon opened-icon\"><i class=\"fal fa-angle-down\"><\/i><\/span>\r\n\t\t\t\t\t\t\t\t<span\r\n\t\t\t\t\t\t\t\t\tclass=\"accordion-icon closed-icon\"><i class=\"fal fa-angle-up\"><\/i><\/span>\r\n\t\t\t\t\t\t\t<\/div>\r\n\t\t\t\t\t\t\t\t\t\t\t<\/div>\r\n\t\t\t\t\t<div class=\"accordion-content\">\r\n\t\t\t\t\t\t<p>Die Check-out-Zeit ist vor 11:00 Uhr. Wenn Sie einen sp\u00e4ten Check-out planen, teilen Sie uns bitte Ihre Abfahrtszeit mit, wir k\u00f6nnen unser Bestes tun, um Ihre Bed\u00fcrfnisse zu erf\u00fcllen.<\/p>\t\t\t\t\t<\/div>\r\n\t\t\t\t<\/div>\r\n\t\t\t\t\t\t\t<div class=\"accordion-section\">\r\n\t\t\t\t\t<div class=\"accordion-header\">\r\n\t\t\t\t\t\t<div class=\"accordion-title-wrapper\">\r\n\t\t\t\t\t\t\t<h4 class=\"accordion-title\">Ist die Rezeption 24 Stunden ge\u00f6ffnet?<\/h4>\t\t\t\t\t\t<\/div>\r\n\t\t\t\t\t\t\t\t\t\t\t\t\t<div class=\"accordion-icons\">\r\n\t\t\t\t\t\t\t\t<span\r\n\t\t\t\t\t\t\t\t\tclass=\"accordion-icon opened-icon\"><i class=\"fal fa-angle-down\"><\/i><\/span>\r\n\t\t\t\t\t\t\t\t<span\r\n\t\t\t\t\t\t\t\t\tclass=\"accordion-icon closed-icon\"><i class=\"fal fa-angle-up\"><\/i><\/span>\r\n\t\t\t\t\t\t\t<\/div>\r\n\t\t\t\t\t\t\t\t\t\t\t<\/div>\r\n\t\t\t\t\t<div class=\"accordion-content\">\r\n\t\t\t\t\t\t<p>Rezeption \u00d6ffnungszeiten sind von 09:00 bis 14:00<\/p>\t\t\t\t\t<\/div>\r\n\t\t\t\t<\/div>\r\n\t\t\t\t\t\t\t<div class=\"accordion-section\">\r\n\t\t\t\t\t<div class=\"accordion-header\">\r\n\t\t\t\t\t\t<div class=\"accordion-title-wrapper\">\r\n\t\t\t\t\t\t\t<h4 class=\"accordion-title\">Welche Sprachen wird in der Rezeption gesprochen?<\/h4>\t\t\t\t\t\t<\/div>\r\n\t\t\t\t\t\t\t\t\t\t\t\t\t<div class=\"accordion-icons\">\r\n\t\t\t\t\t\t\t\t<span\r\n\t\t\t\t\t\t\t\t\tclass=\"accordion-icon opened-icon\"><i class=\"fal fa-angle-down\"><\/i><\/span>\r\n\t\t\t\t\t\t\t\t<span\r\n\t\t\t\t\t\t\t\t\tclass=\"accordion-icon closed-icon\"><i class=\"fal fa-angle-up\"><\/i><\/span>\r\n\t\t\t\t\t\t\t<\/div>\r\n\t\t\t\t\t\t\t\t\t\t\t<\/div>\r\n\t\t\t\t\t<div class=\"accordion-content\">\r\n\t\t\t\t\t\t<p>Wir sprechen griechisch, englisch und deutsch<\/p>\t\t\t\t\t<\/div>\r\n\t\t\t\t<\/div>\r\n\t\t\t\t\t\t\t<div class=\"accordion-section\">\r\n\t\t\t\t\t<div class=\"accordion-header\">\r\n\t\t\t\t\t\t<div class=\"accordion-title-wrapper\">\r\n\t\t\t\t\t\t\t<h4 class=\"accordion-title\">Kann ich mein Gep\u00e4ck abstellen?<\/h4>\t\t\t\t\t\t<\/div>\r\n\t\t\t\t\t\t\t\t\t\t\t\t\t<div class=\"accordion-icons\">\r\n\t\t\t\t\t\t\t\t<span\r\n\t\t\t\t\t\t\t\t\tclass=\"accordion-icon opened-icon\"><i class=\"fal fa-angle-down\"><\/i><\/span>\r\n\t\t\t\t\t\t\t\t<span\r\n\t\t\t\t\t\t\t\t\tclass=\"accordion-icon closed-icon\"><i class=\"fal fa-angle-up\"><\/i><\/span>\r\n\t\t\t\t\t\t\t<\/div>\r\n\t\t\t\t\t\t\t\t\t\t\t<\/div>\r\n\t\t\t\t\t<div class=\"accordion-content\">\r\n\t\t\t\t\t\t<p>Ja, wir k\u00f6nnen uns um Ihr Gep\u00e4ck k\u00fcmmern. Wenn Ihr Zimmer beim Check-in noch nicht fertig ist oder im Falle eines fr\u00fchen Check-outs nach. Wir bewahren Ihr Gep\u00e4ck an Ihren Check-in- und Check-out-Tagen kostenlos auf.<\/p>\t\t\t\t\t<\/div>\r\n\t\t\t\t<\/div>\r\n\t\t\t\t\t\t\t<div class=\"accordion-section\">\r\n\t\t\t\t\t<div class=\"accordion-header\">\r\n\t\t\t\t\t\t<div class=\"accordion-title-wrapper\">\r\n\t\t\t\t\t\t\t<h4 class=\"accordion-title\">Gibt es eine Internet Zugang?<\/h4>\t\t\t\t\t\t<\/div>\r\n\t\t\t\t\t\t\t\t\t\t\t\t\t<div class=\"accordion-icons\">\r\n\t\t\t\t\t\t\t\t<span\r\n\t\t\t\t\t\t\t\t\tclass=\"accordion-icon opened-icon\"><i class=\"fal fa-angle-down\"><\/i><\/span>\r\n\t\t\t\t\t\t\t\t<span\r\n\t\t\t\t\t\t\t\t\tclass=\"accordion-icon closed-icon\"><i class=\"fal fa-angle-up\"><\/i><\/span>\r\n\t\t\t\t\t\t\t<\/div>\r\n\t\t\t\t\t\t\t\t\t\t\t<\/div>\r\n\t\t\t\t\t<div class=\"accordion-content\">\r\n\t\t\t\t\t\t<p>Eine drahtlose Internetverbindung ist im gesamten Hotel verf\u00fcgbar.<br \/>Die G\u00e4stezimmer verf\u00fcgen \u00fcber eine Hochgeschwindigkeits-Internetverbindung.<\/p>\t\t\t\t\t<\/div>\r\n\t\t\t\t<\/div>\r\n\t\t\t\t\t\t\t<div class=\"accordion-section\">\r\n\t\t\t\t\t<div class=\"accordion-header\">\r\n\t\t\t\t\t\t<div class=\"accordion-title-wrapper\">\r\n\t\t\t\t\t\t\t<h4 class=\"accordion-title\">Welcher ist der n\u00e4chstgelegene Flughafen?<\/h4>\t\t\t\t\t\t<\/div>\r\n\t\t\t\t\t\t\t\t\t\t\t\t\t<div class=\"accordion-icons\">\r\n\t\t\t\t\t\t\t\t<span\r\n\t\t\t\t\t\t\t\t\tclass=\"accordion-icon opened-icon\"><i class=\"fal fa-angle-down\"><\/i><\/span>\r\n\t\t\t\t\t\t\t\t<span\r\n\t\t\t\t\t\t\t\t\tclass=\"accordion-icon closed-icon\"><i class=\"fal fa-angle-up\"><\/i><\/span>\r\n\t\t\t\t\t\t\t<\/div>\r\n\t\t\t\t\t\t\t\t\t\t\t<\/div>\r\n\t\t\t\t\t<div class=\"accordion-content\">\r\n\t\t\t\t\t\t<p>Der n\u00e4chstgelegene Flughafen befindet sich in Thessaloniki, der etwa 89 km entfernt ist.<\/p>\t\t\t\t\t<\/div>\r\n\t\t\t\t<\/div>\r\n\t\t\t\t\t<\/div>\r\n\t\t\t\t\t\t<\/div>\n\t\t\t\t<\/div>\n\t\t\t\t\t<\/div>\n\t\t<\/div>\n\t\t\t\t<div class=\"elementor-column elementor-col-50 elementor-top-column elementor-element elementor-element-1284d57\" data-id=\"1284d57\" data-element_type=\"column\" data-e-type=\"column\">\n\t\t\t<div class=\"elementor-widget-wrap elementor-element-populated\">\n\t\t\t\t\t\t<div class=\"elementor-element elementor-element-590768a elementor-invisible nuss-elementor-loading nuss-slide-in-left elementor-widget elementor-widget-image\" data-id=\"590768a\" data-element_type=\"widget\" data-e-type=\"widget\" data-settings=\"{&quot;_animation&quot;:&quot;nussSlideInLeft&quot;}\" data-widget_type=\"image.default\">\n\t\t\t\t<div class=\"elementor-widget-container\">\n\t\t\t\t\t\t\t\t\t\t\t\t\t\t\t<img fetchpriority=\"high\" decoding=\"async\" width=\"2560\" height=\"1707\" src=\"https:\/\/goldenolympus.com\/wp-content\/uploads\/2023\/07\/050-scaled.jpg\" class=\"attachment-full size-full wp-image-7338\" alt=\"\" srcset=\"https:\/\/goldenolympus.com\/wp-content\/uploads\/2023\/07\/050-scaled.jpg 2560w, https:\/\/goldenolympus.com\/wp-content\/uploads\/2023\/07\/050-300x200.jpg 300w, https:\/\/goldenolympus.com\/wp-content\/uploads\/2023\/07\/050-1024x683.jpg 1024w, https:\/\/goldenolympus.com\/wp-content\/uploads\/2023\/07\/050-768x512.jpg 768w, https:\/\/goldenolympus.com\/wp-content\/uploads\/2023\/07\/050-1536x1024.jpg 1536w, https:\/\/goldenolympus.com\/wp-content\/uploads\/2023\/07\/050-2048x1365.jpg 2048w, https:\/\/goldenolympus.com\/wp-content\/uploads\/2023\/07\/050-18x12.jpg 18w, https:\/\/goldenolympus.com\/wp-content\/uploads\/2023\/07\/050-600x400.jpg 600w\" sizes=\"(max-width: 2560px) 100vw, 2560px\" \/>\t\t\t\t\t\t\t\t\t\t\t\t\t\t\t<\/div>\n\t\t\t\t<\/div>\n\t\t\t\t\t<\/div>\n\t\t<\/div>\n\t\t\t\t\t<\/div>\n\t\t<\/section>\n\t\t\t\t<section class=\"elementor-section elementor-top-section elementor-element elementor-element-1fc46fd elementor-section-stretched elementor-section-boxed elementor-section-gap-beside-yes elementor-section-height-default elementor-section-height-default elementor-section-column-vertical-align-stretch elementor-invisible nuss-elementor-loading nuss-slide-in-up\" data-id=\"1fc46fd\" data-element_type=\"section\" data-e-type=\"section\" data-settings=\"{&quot;stretch_section&quot;:&quot;section-stretched&quot;,&quot;background_background&quot;:&quot;classic&quot;,&quot;animation&quot;:&quot;nussSlideInUp&quot;}\">\n\t\t\t\t\t\t\t<div class=\"elementor-background-overlay\"><\/div>\n\t\t\t\t\t\t\t<div class=\"elementor-container elementor-column-gap-extended\">\n\t\t\t\t\t<div class=\"elementor-column elementor-col-100 elementor-top-column elementor-element elementor-element-cf9f29f\" data-id=\"cf9f29f\" data-element_type=\"column\" data-e-type=\"column\">\n\t\t\t<div class=\"elementor-widget-wrap elementor-element-populated\">\n\t\t\t\t\t\t<div class=\"elementor-element elementor-element-9c0bbaf elementor-widget__width-initial elementor-invisible elementor-widget elementor-widget-heading\" data-id=\"9c0bbaf\" data-element_type=\"widget\" data-e-type=\"widget\" data-settings=\"{&quot;_animation&quot;:&quot;nussFadeInUp&quot;}\" data-widget_type=\"heading.default\">\n\t\t\t\t<div class=\"elementor-widget-container\">\n\t\t\t\t\t<h3 class=\"elementor-heading-title elementor-size-default\">Wenn Sie Fragen haben <br>Sprechen Sie uns gerne an!<\/h3>\t\t\t\t<\/div>\n\t\t\t\t<\/div>\n\t\t\t\t<div class=\"elementor-element elementor-element-38c1fca elementor-align-center elementor-invisible elementor-widget elementor-widget-button\" data-id=\"38c1fca\" data-element_type=\"widget\" data-e-type=\"widget\" data-settings=\"{&quot;_animation&quot;:&quot;nussFadeInUp&quot;}\" data-widget_type=\"button.default\">\n\t\t\t\t<div class=\"elementor-widget-container\">\n\t\t\t\t\t\t\t\t\t<div class=\"elementor-button-wrapper\">\n\t\t\t\t\t<a class=\"elementor-button elementor-button-link elementor-size-sm\" href=\"#\">\n\t\t\t\t\t\t<span class=\"elementor-button-content-wrapper\">\n\t\t\t\t\t\t\t\t\t<span class=\"elementor-button-text\">KONTAKT<\/span>\n\t\t\t\t\t<\/span>\n\t\t\t\t\t<\/a>\n\t\t\t\t<\/div>\n\t\t\t\t\t\t\t\t<\/div>\n\t\t\t\t<\/div>\n\t\t\t\t<div class=\"elementor-element elementor-element-9938a8f elementor-invisible elementor-widget elementor-widget-text-editor\" data-id=\"9938a8f\" data-element_type=\"widget\" data-e-type=\"widget\" data-settings=\"{&quot;_animation&quot;:&quot;nussFadeInUp&quot;}\" data-widget_type=\"text-editor.default\">\n\t\t\t\t<div class=\"elementor-widget-container\">\n\t\t\t\t\t\t\t\t\t<p>ODER RUFEN SIE UNS AN<\/p><p><a style=\"color: #cabea5;\" href=\"tel:+302351061795\" data-dtype=\"d3ph\" data-local-attribute=\"d3ph\" data-ved=\"2ahUKEwik1ty9r7b3AhXtQvEDHTiLAEQQkAgoAHoECDkQAw\"><span aria-label=\"Rufen Sie uns an:\">+30 2351 061795<\/span><\/a><\/p>\t\t\t\t\t\t\t\t<\/div>\n\t\t\t\t<\/div>\n\t\t\t\t\t<\/div>\n\t\t<\/div>\n\t\t\t\t\t<\/div>\n\t\t<\/section>\n\t\t\t\t<\/div>","protected":false},"excerpt":{"rendered":"<p>Below, you will find a list of the questions most frequently asked by our guests. FAQ&#8217;S Questions &amp; Answers Check-in time? The check-in time is from 14:00pm to 16:00pm. Let us know your arrival time in case you schedule and early check in. We can do our best to have your room available. Also please [&hellip;]<\/p>\n","protected":false},"author":1,"featured_media":0,"parent":0,"menu_order":0,"comment_status":"closed","ping_status":"closed","template":"elementor_header_footer","meta":{"footnotes":""},"class_list":["post-2105","page","type-page","status-publish","hentry","post-no-thumbnail"],"yoast_head":"<!-- This site is optimized with the Yoast SEO plugin v27.2 - https:\/\/yoast.com\/product\/yoast-seo-wordpress\/ -->\n<title>Faqs | Golden Olympus<\/title>\n<meta name=\"description\" content=\"Below, you will find a list of the questions most frequently asked by our guests. FAQ&#039;S Questions &amp; Answers Check-in time? The check-in time is from\" \/>\n<meta name=\"robots\" content=\"index, follow, max-snippet:-1, max-image-preview:large, max-video-preview:-1\" \/>\n<link rel=\"canonical\" href=\"https:\/\/goldenolympus.com\/de\/faqs\/\" \/>\n<meta property=\"og:locale\" content=\"de_DE\" \/>\n<meta property=\"og:type\" content=\"article\" \/>\n<meta property=\"og:title\" content=\"Faqs | Golden Olympus\" \/>\n<meta property=\"og:description\" content=\"Below, you will find a list of the questions most frequently asked by our guests. FAQ&#039;S Questions &amp; Answers Check-in time? The check-in time is from\" \/>\n<meta property=\"og:url\" content=\"https:\/\/goldenolympus.com\/de\/faqs\/\" \/>\n<meta property=\"og:site_name\" content=\"Golden Olympus\" \/>\n<meta property=\"article:publisher\" content=\"https:\/\/www.facebook.com\/goldenolympusgr\/\" \/>\n<meta property=\"article:modified_time\" content=\"2023-07-28T15:33:25+00:00\" \/>\n<meta property=\"og:image\" content=\"https:\/\/goldenolympus.com\/wp-content\/uploads\/2023\/07\/050-scaled.jpg\" \/>\n<meta name=\"twitter:card\" content=\"summary_large_image\" \/>\n<meta name=\"twitter:label1\" content=\"Gesch\u00e4tzte Lesezeit\" \/>\n\t<meta name=\"twitter:data1\" content=\"2\u00a0Minuten\" \/>\n<script type=\"application\/ld+json\" class=\"yoast-schema-graph\">{\"@context\":\"https:\/\/schema.org\",\"@graph\":[{\"@type\":\"WebPage\",\"@id\":\"https:\/\/goldenolympus.com\/faqs\/\",\"url\":\"https:\/\/goldenolympus.com\/faqs\/\",\"name\":\"Faqs | Golden Olympus\",\"isPartOf\":{\"@id\":\"https:\/\/goldenolympus.com\/#website\"},\"primaryImageOfPage\":{\"@id\":\"https:\/\/goldenolympus.com\/faqs\/#primaryimage\"},\"image\":{\"@id\":\"https:\/\/goldenolympus.com\/faqs\/#primaryimage\"},\"thumbnailUrl\":\"https:\/\/goldenolympus.com\/wp-content\/uploads\/2023\/07\/050-scaled.jpg\",\"datePublished\":\"2021-03-24T07:25:45+00:00\",\"dateModified\":\"2023-07-28T15:33:25+00:00\",\"description\":\"Below, you will find a list of the questions most frequently asked by our guests. FAQ'S Questions &amp; Answers Check-in time? The check-in time is from\",\"breadcrumb\":{\"@id\":\"https:\/\/goldenolympus.com\/faqs\/#breadcrumb\"},\"inLanguage\":\"de\",\"potentialAction\":[{\"@type\":\"ReadAction\",\"target\":[\"https:\/\/goldenolympus.com\/faqs\/\"]}]},{\"@type\":\"ImageObject\",\"inLanguage\":\"de\",\"@id\":\"https:\/\/goldenolympus.com\/faqs\/#primaryimage\",\"url\":\"https:\/\/goldenolympus.com\/wp-content\/uploads\/2023\/07\/050-scaled.jpg\",\"contentUrl\":\"https:\/\/goldenolympus.com\/wp-content\/uploads\/2023\/07\/050-scaled.jpg\"},{\"@type\":\"BreadcrumbList\",\"@id\":\"https:\/\/goldenolympus.com\/faqs\/#breadcrumb\",\"itemListElement\":[{\"@type\":\"ListItem\",\"position\":1,\"name\":\"Home\",\"item\":\"https:\/\/goldenolympus.com\/\"},{\"@type\":\"ListItem\",\"position\":2,\"name\":\"Faqs\"}]},{\"@type\":\"WebSite\",\"@id\":\"https:\/\/goldenolympus.com\/#website\",\"url\":\"https:\/\/goldenolympus.com\/\",\"name\":\"Golden Olympus\",\"description\":\"Rental Rooms\",\"publisher\":{\"@id\":\"https:\/\/goldenolympus.com\/#organization\"},\"potentialAction\":[{\"@type\":\"SearchAction\",\"target\":{\"@type\":\"EntryPoint\",\"urlTemplate\":\"https:\/\/goldenolympus.com\/?s={search_term_string}\"},\"query-input\":{\"@type\":\"PropertyValueSpecification\",\"valueRequired\":true,\"valueName\":\"search_term_string\"}}],\"inLanguage\":\"de\"},{\"@type\":\"Organization\",\"@id\":\"https:\/\/goldenolympus.com\/#organization\",\"name\":\"Golden Olympus\",\"url\":\"https:\/\/goldenolympus.com\/\",\"logo\":{\"@type\":\"ImageObject\",\"inLanguage\":\"de\",\"@id\":\"https:\/\/goldenolympus.com\/#\/schema\/logo\/image\/\",\"url\":\"https:\/\/goldenolympus.com\/wp-content\/uploads\/2022\/03\/logo.png\",\"contentUrl\":\"https:\/\/goldenolympus.com\/wp-content\/uploads\/2022\/03\/logo.png\",\"width\":165,\"height\":200,\"caption\":\"Golden Olympus\"},\"image\":{\"@id\":\"https:\/\/goldenolympus.com\/#\/schema\/logo\/image\/\"},\"sameAs\":[\"https:\/\/www.facebook.com\/goldenolympusgr\/\",\"https:\/\/www.instagram.com\/goldenolympusgr\/\"]}]}<\/script>\n<!-- \/ Yoast SEO plugin. -->","yoast_head_json":{"title":"Faqs | Golden Olympus","description":"Below, you will find a list of the questions most frequently asked by our guests. FAQ'S Questions &amp; Answers Check-in time? The check-in time is from","robots":{"index":"index","follow":"follow","max-snippet":"max-snippet:-1","max-image-preview":"max-image-preview:large","max-video-preview":"max-video-preview:-1"},"canonical":"https:\/\/goldenolympus.com\/de\/faqs\/","og_locale":"de_DE","og_type":"article","og_title":"Faqs | Golden Olympus","og_description":"Below, you will find a list of the questions most frequently asked by our guests. FAQ'S Questions &amp; Answers Check-in time? The check-in time is from","og_url":"https:\/\/goldenolympus.com\/de\/faqs\/","og_site_name":"Golden Olympus","article_publisher":"https:\/\/www.facebook.com\/goldenolympusgr\/","article_modified_time":"2023-07-28T15:33:25+00:00","og_image":[{"url":"https:\/\/goldenolympus.com\/wp-content\/uploads\/2023\/07\/050-scaled.jpg","type":"","width":"","height":""}],"twitter_card":"summary_large_image","twitter_misc":{"Gesch\u00e4tzte Lesezeit":"2\u00a0Minuten"},"schema":{"@context":"https:\/\/schema.org","@graph":[{"@type":"WebPage","@id":"https:\/\/goldenolympus.com\/faqs\/","url":"https:\/\/goldenolympus.com\/faqs\/","name":"Faqs | Golden Olympus","isPartOf":{"@id":"https:\/\/goldenolympus.com\/#website"},"primaryImageOfPage":{"@id":"https:\/\/goldenolympus.com\/faqs\/#primaryimage"},"image":{"@id":"https:\/\/goldenolympus.com\/faqs\/#primaryimage"},"thumbnailUrl":"https:\/\/goldenolympus.com\/wp-content\/uploads\/2023\/07\/050-scaled.jpg","datePublished":"2021-03-24T07:25:45+00:00","dateModified":"2023-07-28T15:33:25+00:00","description":"Below, you will find a list of the questions most frequently asked by our guests. FAQ'S Questions &amp; Answers Check-in time? The check-in time is from","breadcrumb":{"@id":"https:\/\/goldenolympus.com\/faqs\/#breadcrumb"},"inLanguage":"de","potentialAction":[{"@type":"ReadAction","target":["https:\/\/goldenolympus.com\/faqs\/"]}]},{"@type":"ImageObject","inLanguage":"de","@id":"https:\/\/goldenolympus.com\/faqs\/#primaryimage","url":"https:\/\/goldenolympus.com\/wp-content\/uploads\/2023\/07\/050-scaled.jpg","contentUrl":"https:\/\/goldenolympus.com\/wp-content\/uploads\/2023\/07\/050-scaled.jpg"},{"@type":"BreadcrumbList","@id":"https:\/\/goldenolympus.com\/faqs\/#breadcrumb","itemListElement":[{"@type":"ListItem","position":1,"name":"Home","item":"https:\/\/goldenolympus.com\/"},{"@type":"ListItem","position":2,"name":"Faqs"}]},{"@type":"WebSite","@id":"https:\/\/goldenolympus.com\/#website","url":"https:\/\/goldenolympus.com\/","name":"Golden Olympus","description":"Rental Rooms","publisher":{"@id":"https:\/\/goldenolympus.com\/#organization"},"potentialAction":[{"@type":"SearchAction","target":{"@type":"EntryPoint","urlTemplate":"https:\/\/goldenolympus.com\/?s={search_term_string}"},"query-input":{"@type":"PropertyValueSpecification","valueRequired":true,"valueName":"search_term_string"}}],"inLanguage":"de"},{"@type":"Organization","@id":"https:\/\/goldenolympus.com\/#organization","name":"Golden Olympus","url":"https:\/\/goldenolympus.com\/","logo":{"@type":"ImageObject","inLanguage":"de","@id":"https:\/\/goldenolympus.com\/#\/schema\/logo\/image\/","url":"https:\/\/goldenolympus.com\/wp-content\/uploads\/2022\/03\/logo.png","contentUrl":"https:\/\/goldenolympus.com\/wp-content\/uploads\/2022\/03\/logo.png","width":165,"height":200,"caption":"Golden Olympus"},"image":{"@id":"https:\/\/goldenolympus.com\/#\/schema\/logo\/image\/"},"sameAs":["https:\/\/www.facebook.com\/goldenolympusgr\/","https:\/\/www.instagram.com\/goldenolympusgr\/"]}]}},"_links":{"self":[{"href":"https:\/\/goldenolympus.com\/de\/wp-json\/wp\/v2\/pages\/2105","targetHints":{"allow":["GET"]}}],"collection":[{"href":"https:\/\/goldenolympus.com\/de\/wp-json\/wp\/v2\/pages"}],"about":[{"href":"https:\/\/goldenolympus.com\/de\/wp-json\/wp\/v2\/types\/page"}],"author":[{"embeddable":true,"href":"https:\/\/goldenolympus.com\/de\/wp-json\/wp\/v2\/users\/1"}],"replies":[{"embeddable":true,"href":"https:\/\/goldenolympus.com\/de\/wp-json\/wp\/v2\/comments?post=2105"}],"version-history":[{"count":54,"href":"https:\/\/goldenolympus.com\/de\/wp-json\/wp\/v2\/pages\/2105\/revisions"}],"predecessor-version":[{"id":7352,"href":"https:\/\/goldenolympus.com\/de\/wp-json\/wp\/v2\/pages\/2105\/revisions\/7352"}],"wp:attachment":[{"href":"https:\/\/goldenolympus.com\/de\/wp-json\/wp\/v2\/media?parent=2105"}],"curies":[{"name":"wp","href":"https:\/\/api.w.org\/{rel}","templated":true}]}}